{"id":45,"date":"2020-05-21T10:52:20","date_gmt":"2020-05-21T10:52:20","guid":{"rendered":"http:\/\/web2.timvogler.berlin\/?page_id=45"},"modified":"2022-08-23T09:27:55","modified_gmt":"2022-08-23T09:27:55","slug":"tim-vogler","status":"publish","type":"page","link":"https:\/\/timvogler.berlin\/en\/","title":{"rendered":"about me"},"content":{"rendered":"\n<p>I am a creative all-rounder with a great desire to design, change and improve.<br>My passion is to move people and realize visions. It is often said about me that I am very good at overviewing and communicating complex interrelationships. Even with many details I keep the overall view and have a great empathy for situations, structures and personal or social sensitivities.<\/p>\n\n\n\n<figure class=\"wp-block-gallery columns-3 is-cropped wp-block-gallery-1 is-layout-flex wp-block-gallery-is-layout-flex\"><ul class=\"blocks-gallery-grid\"><li class=\"blocks-gallery-item\"><figure><img loading=\"lazy\" decoding=\"async\" width=\"1024\" height=\"685\" src=\"http:\/\/timvogler.berlin\/wp-content\/uploads\/2020\/05\/DSC08741b-1024x685.jpg\" alt=\"\" data-id=\"55\" data-full-url=\"http:\/\/timvogler.berlin\/wp-content\/uploads\/2020\/05\/DSC08741b-scaled.jpg\" data-link=\"http:\/\/timvogler.berlin\/tim-vogler\/sony-dsc-9\/\" class=\"wp-image-55\" srcset=\"https:\/\/timvogler.berlin\/wp-content\/uploads\/2020\/05\/DSC08741b-1024x685.jpg 1024w, https:\/\/timvogler.berlin\/wp-content\/uploads\/2020\/05\/DSC08741b-300x201.jpg 300w, https:\/\/timvogler.berlin\/wp-content\/uploads\/2020\/05\/DSC08741b-768x514.jpg 768w, https:\/\/timvogler.berlin\/wp-content\/uploads\/2020\/05\/DSC08741b-1536x1028.jpg 1536w, https:\/\/timvogler.berlin\/wp-content\/uploads\/2020\/05\/DSC08741b-2048x1371.jpg 2048w\" sizes=\"auto, (max-width: 706px) 89vw, (max-width: 767px) 82vw, 740px\" \/><\/figure><\/li><li class=\"blocks-gallery-item\"><figure><img loading=\"lazy\" decoding=\"async\" width=\"1024\" height=\"685\" src=\"http:\/\/timvogler.berlin\/wp-content\/uploads\/2020\/05\/DSC08791-1024x685.jpg\" alt=\"\" data-id=\"57\" data-full-url=\"http:\/\/timvogler.berlin\/wp-content\/uploads\/2020\/05\/DSC08791-scaled.jpg\" data-link=\"http:\/\/timvogler.berlin\/tim-vogler\/sony-dsc-11\/\" class=\"wp-image-57\" srcset=\"https:\/\/timvogler.berlin\/wp-content\/uploads\/2020\/05\/DSC08791-1024x685.jpg 1024w, https:\/\/timvogler.berlin\/wp-content\/uploads\/2020\/05\/DSC08791-300x201.jpg 300w, https:\/\/timvogler.berlin\/wp-content\/uploads\/2020\/05\/DSC08791-768x514.jpg 768w, https:\/\/timvogler.berlin\/wp-content\/uploads\/2020\/05\/DSC08791-1536x1028.jpg 1536w, https:\/\/timvogler.berlin\/wp-content\/uploads\/2020\/05\/DSC08791-2048x1371.jpg 2048w\" sizes=\"auto, (max-width: 706px) 89vw, (max-width: 767px) 82vw, 740px\" \/><\/figure><\/li><li class=\"blocks-gallery-item\"><figure><img loading=\"lazy\" decoding=\"async\" width=\"1024\" height=\"683\" src=\"http:\/\/timvogler.berlin\/wp-content\/uploads\/2021\/06\/202106_DAH_FT_byMatthiasHamann_5047q-1024x683.jpg\" alt=\"\" data-id=\"112\" data-full-url=\"http:\/\/timvogler.berlin\/wp-content\/uploads\/2021\/06\/202106_DAH_FT_byMatthiasHamann_5047q-scaled.jpg\" data-link=\"http:\/\/timvogler.berlin\/202106_dah_ft_bymatthiashamann_5047q\/\" class=\"wp-image-112\" srcset=\"https:\/\/timvogler.berlin\/wp-content\/uploads\/2021\/06\/202106_DAH_FT_byMatthiasHamann_5047q-1024x683.jpg 1024w, https:\/\/timvogler.berlin\/wp-content\/uploads\/2021\/06\/202106_DAH_FT_byMatthiasHamann_5047q-300x200.jpg 300w, https:\/\/timvogler.berlin\/wp-content\/uploads\/2021\/06\/202106_DAH_FT_byMatthiasHamann_5047q-768x512.jpg 768w, https:\/\/timvogler.berlin\/wp-content\/uploads\/2021\/06\/202106_DAH_FT_byMatthiasHamann_5047q-1536x1024.jpg 1536w, https:\/\/timvogler.berlin\/wp-content\/uploads\/2021\/06\/202106_DAH_FT_byMatthiasHamann_5047q-2048x1365.jpg 2048w\" sizes=\"auto, (max-width: 706px) 89vw, (max-width: 767px) 82vw, 740px\" \/><\/figure><\/li><li class=\"blocks-gallery-item\"><figure><img loading=\"lazy\" decoding=\"async\" width=\"1024\" height=\"769\" src=\"http:\/\/timvogler.berlin\/wp-content\/uploads\/2022\/08\/202106_WS_01-1024x769.jpg\" alt=\"\" data-id=\"132\" data-full-url=\"http:\/\/timvogler.berlin\/wp-content\/uploads\/2022\/08\/202106_WS_01-scaled.jpg\" data-link=\"http:\/\/timvogler.berlin\/202106_ws_01\/\" class=\"wp-image-132\" srcset=\"https:\/\/timvogler.berlin\/wp-content\/uploads\/2022\/08\/202106_WS_01-1024x769.jpg 1024w, https:\/\/timvogler.berlin\/wp-content\/uploads\/2022\/08\/202106_WS_01-300x225.jpg 300w, https:\/\/timvogler.berlin\/wp-content\/uploads\/2022\/08\/202106_WS_01-768x577.jpg 768w, https:\/\/timvogler.berlin\/wp-content\/uploads\/2022\/08\/202106_WS_01-1536x1154.jpg 1536w, https:\/\/timvogler.berlin\/wp-content\/uploads\/2022\/08\/202106_WS_01-2048x1539.jpg 2048w\" sizes=\"auto, (max-width: 706px) 89vw, (max-width: 767px) 82vw, 740px\" \/><\/figure><\/li><\/ul><\/figure>\n\n\n\n<p>I was born and raised in M\u00fcnsterland. After a technical education and basic studies in journalism at the Westf\u00e4lische-Wilhelms-Universit\u00e4t in M\u00fcnster, I took over and managed a service company in the ITC sector with 10 employees in Cologne as managing partner in 2000. Since 2008 I live and work in Berlin. Here, as the managing director of a company with more than 50 employees, I was able to expand my knowledge in building structures as well as in personnel management.<\/p>\n\n\n\n<p>Since my training as a mediator by Michael Cramer and Zo\u00eb Schl\u00e4r (&#8216;kl\u00e4ren und l\u00f6sen&#8217;\/Berlin) I am a member of the &#8216;Bundesverband Mediation e.V.&#8217; and work as a freelance mediator and facilitator in Berlin and Cologne. Due to my entrepreneurial activities, I can also draw on extensive knowledge of organizational processes and business management requirements. I am regularly involved in the field of voluntary self-help, currently with the Deutsche AIDS-Hilfe e.V. in Berlin.<\/p>\n","protected":false},"excerpt":{"rendered":"<p>I am a creative all-rounder with a great desire to design, change and improve.My passion is to move people and realize visions. It is often said about me that I am very good at overviewing and communicating complex interrelationships. Even with many details I keep the overall view and have a great empathy for situations, &hellip; <\/p>\n<p class=\"link-more\"><a href=\"https:\/\/timvogler.berlin\/en\/\" class=\"more-link\">Continue reading<span class=\"screen-reader-text\"> &#8220;about me&#8221;<\/span><\/a><\/p>\n","protected":false},"author":1,"featured_media":0,"parent":0,"menu_order":0,"comment_status":"closed","ping_status":"closed","template":"","meta":{"footnotes":""},"class_list":["post-45","page","type-page","status-publish","hentry"],"translation":{"provider":"WPGlobus","version":"3.0.0","language":"en","enabled_languages":["de","en"],"languages":{"de":{"title":true,"content":true,"excerpt":false},"en":{"title":true,"content":true,"excerpt":false}}},"_links":{"self":[{"href":"https:\/\/timvogler.berlin\/en\/wp-json\/wp\/v2\/pages\/45","targetHints":{"allow":["GET"]}}],"collection":[{"href":"https:\/\/timvogler.berlin\/en\/wp-json\/wp\/v2\/pages"}],"about":[{"href":"https:\/\/timvogler.berlin\/en\/wp-json\/wp\/v2\/types\/page"}],"author":[{"embeddable":true,"href":"https:\/\/timvogler.berlin\/en\/wp-json\/wp\/v2\/users\/1"}],"replies":[{"embeddable":true,"href":"https:\/\/timvogler.berlin\/en\/wp-json\/wp\/v2\/comments?post=45"}],"version-history":[{"count":10,"href":"https:\/\/timvogler.berlin\/en\/wp-json\/wp\/v2\/pages\/45\/revisions"}],"predecessor-version":[{"id":138,"href":"https:\/\/timvogler.berlin\/en\/wp-json\/wp\/v2\/pages\/45\/revisions\/138"}],"wp:attachment":[{"href":"https:\/\/timvogler.berlin\/en\/wp-json\/wp\/v2\/media?parent=45"}],"curies":[{"name":"wp","href":"https:\/\/api.w.org\/{rel}","templated":true}]}}